{"id":905,"date":"2022-09-27T19:42:00","date_gmt":"2022-09-27T19:42:00","guid":{"rendered":"http:\/\/duman.ajoen.com\/?page_id=905"},"modified":"2022-09-27T19:42:01","modified_gmt":"2022-09-27T19:42:01","slug":"haberler","status":"publish","type":"page","link":"https:\/\/duman.com.tr\/tr\/haberler\/","title":{"rendered":"Haberler"},"content":{"rendered":"<ul class=\"wp-block-latest-posts__list has-dates wp-block-latest-posts\"><li><a class=\"wp-block-latest-posts__post-title\" href=\"https:\/\/duman.com.tr\/tr\/ad-350-electro-hydraulic-operating-table\/\">AD-350 Electro-Hydraulic Operating Table<\/a><time datetime=\"2023-10-15T09:27:00+00:00\" class=\"wp-block-latest-posts__post-date\">15\/10\/2023<\/time><\/li>\n<li><a class=\"wp-block-latest-posts__post-title\" href=\"https:\/\/duman.com.tr\/tr\/web-sitemizi-yeniledik\/\">Websitemizi yeniledik<\/a><time datetime=\"2022-09-26T18:06:50+00:00\" class=\"wp-block-latest-posts__post-date\">26\/09\/2022<\/time><\/li>\n<li><a class=\"wp-block-latest-posts__post-title\" href=\"https:\/\/duman.com.tr\/tr\/ar-ge-calismalarimiz-tum-hiziyla-devam-ediyor\/\">AR-GE \u00e7al\u0131\u015fmalar\u0131m\u0131z t\u00fcm h\u0131z\u0131yla devam ediyor<\/a><time datetime=\"2022-09-06T23:08:29+00:00\" class=\"wp-block-latest-posts__post-date\">06\/09\/2022<\/time><\/li>\n<li><a class=\"wp-block-latest-posts__post-title\" href=\"https:\/\/duman.com.tr\/tr\/nulla-sed-enim-eu-elit-hendrerit\/\">Kas\u0131m ay\u0131nda Medica&#8217;da bulu\u015fuyoruz<\/a><time datetime=\"2022-09-06T23:08:14+00:00\" class=\"wp-block-latest-posts__post-date\">06\/09\/2022<\/time><\/li>\n<li><a class=\"wp-block-latest-posts__post-title\" href=\"https:\/\/duman.com.tr\/tr\/integer-in-risus-in-dui-viverra-volutpat\/\">2023 y\u0131l\u0131na Arab Health ile merhaba diyece\u011fiz<\/a><time datetime=\"2022-06-20T23:07:51+00:00\" class=\"wp-block-latest-posts__post-date\">20\/06\/2022<\/time><\/li>\n<li><a class=\"wp-block-latest-posts__post-title\" href=\"https:\/\/duman.com.tr\/tr\/yeni-urunumuz-01-2018-cygnus-hasta-kaldirma-lifti%ef%bf%bc\/\">R\u00f6portaj: Sa\u011fl\u0131kta Global \u00c7\u00f6z\u00fcm Orta\u011f\u0131n\u0131z<\/a><time datetime=\"2022-06-15T23:05:39+00:00\" class=\"wp-block-latest-posts__post-date\">15\/06\/2022<\/time><\/li>\n<\/ul>","protected":false},"excerpt":{"rendered":"","protected":false},"author":1,"featured_media":0,"parent":0,"menu_order":0,"comment_status":"closed","ping_status":"closed","template":"","meta":{"footnotes":""},"class_list":["post-905","page","type-page","status-publish","hentry"],"acf":[],"_links":{"self":[{"href":"https:\/\/duman.com.tr\/tr\/wp-json\/wp\/v2\/pages\/905","targetHints":{"allow":["GET"]}}],"collection":[{"href":"https:\/\/duman.com.tr\/tr\/wp-json\/wp\/v2\/pages"}],"about":[{"href":"https:\/\/duman.com.tr\/tr\/wp-json\/wp\/v2\/types\/page"}],"author":[{"embeddable":true,"href":"https:\/\/duman.com.tr\/tr\/wp-json\/wp\/v2\/users\/1"}],"replies":[{"embeddable":true,"href":"https:\/\/duman.com.tr\/tr\/wp-json\/wp\/v2\/comments?post=905"}],"version-history":[{"count":1,"href":"https:\/\/duman.com.tr\/tr\/wp-json\/wp\/v2\/pages\/905\/revisions"}],"predecessor-version":[{"id":906,"href":"https:\/\/duman.com.tr\/tr\/wp-json\/wp\/v2\/pages\/905\/revisions\/906"}],"wp:attachment":[{"href":"https:\/\/duman.com.tr\/tr\/wp-json\/wp\/v2\/media?parent=905"}],"curies":[{"name":"wp","href":"https:\/\/api.w.org\/{rel}","templated":true}]}}