{"id":32,"date":"2022-06-30T17:57:44","date_gmt":"2022-06-30T17:57:44","guid":{"rendered":"http:\/\/duman.local\/?page_id=32"},"modified":"2022-10-07T15:20:25","modified_gmt":"2022-10-07T15:20:25","slug":"ana-sayfa","status":"publish","type":"page","link":"https:\/\/duman.com.tr\/en\/","title":{"rendered":"Home Page"},"content":{"rendered":"<div style=\"height:128px\" aria-hidden=\"true\" class=\"wp-block-spacer\"><\/div>\n\n\n\n<div class=\"wp-block-group box home-info-1\"><div class=\"wp-block-group__inner-container is-layout-flow wp-block-group-is-layout-flow\">\n<div class=\"wp-block-columns is-layout-flex wp-container-core-columns-is-layout-9d6595d7 wp-block-columns-is-layout-flex\" data-aos=\"zoom-out-up\">\n<div class=\"wp-block-column is-layout-flow wp-block-column-is-layout-flow\" style=\"flex-basis:50%\">\n<figure class=\"wp-block-image size-full\"><img loading=\"lazy\" decoding=\"async\" width=\"1000\" height=\"667\" src=\"http:\/\/duman.com.tr\/wp-content\/uploads\/2022\/09\/monitor-in-operating-room_resized.jpeg\" alt=\"\" class=\"wp-image-666\" srcset=\"https:\/\/duman.com.tr\/wp-content\/uploads\/2022\/09\/monitor-in-operating-room_resized.jpeg 1000w, https:\/\/duman.com.tr\/wp-content\/uploads\/2022\/09\/monitor-in-operating-room_resized-300x200.jpeg 300w, https:\/\/duman.com.tr\/wp-content\/uploads\/2022\/09\/monitor-in-operating-room_resized-768x512.jpeg 768w, https:\/\/duman.com.tr\/wp-content\/uploads\/2022\/09\/monitor-in-operating-room_resized-18x12.jpeg 18w\" sizes=\"auto, (max-width: 1000px) 100vw, 1000px\" \/><\/figure>\n<\/div>\n\n\n\n<div class=\"wp-block-column is-vertically-aligned-center box-text is-layout-flow wp-block-column-is-layout-flow\">\n<p><strong>Who We Are?<\/strong><\/p>\n\n\n\n<p>Our company was established in Istanbul in 1952. Since the day it was founded, we have been designing and producing the right products for the needs of the health sector both at home and abroad. We realize our projects with our experienced team.<\/p>\n<\/div>\n<\/div>\n<\/div><\/div>\n\n\n\n<div class=\"wp-block-group box home-info-2\"><div class=\"wp-block-group__inner-container is-layout-flow wp-block-group-is-layout-flow\">\n<div class=\"wp-block-columns is-layout-flex wp-container-core-columns-is-layout-9d6595d7 wp-block-columns-is-layout-flex\" data-aos=\"zoom-out-up\">\n<div class=\"wp-block-column is-vertically-aligned-center box-text is-layout-flow wp-block-column-is-layout-flow\">\n<p><strong>What We Do?<\/strong><\/p>\n\n\n\n<p>We have a wide range of production from hospital furniture to operating rooms, stainless steel products, home care products. We carry out project-based productions to meet your needs correctly.<\/p>\n<\/div>\n\n\n\n<div class=\"wp-block-column is-layout-flow wp-block-column-is-layout-flow\" style=\"flex-basis:50%\">\n<figure class=\"wp-block-image size-full\"><img loading=\"lazy\" decoding=\"async\" width=\"940\" height=\"640\" src=\"http:\/\/duman.com.tr\/wp-content\/uploads\/2022\/10\/nurse-doctor-patient.gif\" alt=\"\" class=\"wp-image-983\"\/><\/figure>\n<\/div>\n<\/div>\n<\/div><\/div>\n\n\n\n<div style=\"height:128px\" aria-hidden=\"true\" class=\"wp-block-spacer\"><\/div>\n\n\n\n<div class=\"wp-block-group latest-posts\" data-aos=\"fade-up\"><div class=\"wp-block-group__inner-container is-layout-flow wp-block-group-is-layout-flow\">\n<div class=\"wp-block-columns is-layout-flex wp-container-core-columns-is-layout-9d6595d7 wp-block-columns-is-layout-flex\">\n<div class=\"wp-block-column is-layout-flow wp-block-column-is-layout-flow\" style=\"flex-basis:33.33%\">\n<h2 class=\"wp-block-heading\">News<\/h2>\n\n\n\n<div class=\"wp-block-buttons xl-marginTop-24 news-btn is-layout-flex wp-block-buttons-is-layout-flex\">\n<div class=\"wp-block-button\"><a class=\"wp-block-button__link\" href=\"https:\/\/duman.com.tr\/en\/haberler\/\">View All News<\/a><\/div>\n<\/div>\n<\/div>\n\n\n\n<div class=\"wp-block-column is-layout-flow wp-block-column-is-layout-flow\" style=\"flex-basis:66.66%\"><ul class=\"wp-block-latest-posts__list has-dates wp-block-latest-posts\"><li><a class=\"wp-block-latest-posts__post-title\" href=\"https:\/\/duman.com.tr\/en\/web-sitemizi-yeniledik\/\">We renewed our website<\/a><time datetime=\"2022-09-26T18:06:50+00:00\" class=\"wp-block-latest-posts__post-date\">26\/09\/2022<\/time><\/li>\n<li><a class=\"wp-block-latest-posts__post-title\" href=\"https:\/\/duman.com.tr\/en\/ar-ge-calismalarimiz-tum-hiziyla-devam-ediyor\/\">Our R&amp;D studies continue at full speed<\/a><time datetime=\"2022-09-06T23:08:29+00:00\" class=\"wp-block-latest-posts__post-date\">06\/09\/2022<\/time><\/li>\n<li><a class=\"wp-block-latest-posts__post-title\" href=\"https:\/\/duman.com.tr\/en\/nulla-sed-enim-eu-elit-hendrerit\/\">We meet at Medica in November<\/a><time datetime=\"2022-09-06T23:08:14+00:00\" class=\"wp-block-latest-posts__post-date\">06\/09\/2022<\/time><\/li>\n<li><a class=\"wp-block-latest-posts__post-title\" href=\"https:\/\/duman.com.tr\/en\/integer-in-risus-in-dui-viverra-volutpat\/\">We will say hello to 2023 with Arab Health<\/a><time datetime=\"2022-06-20T23:07:51+00:00\" class=\"wp-block-latest-posts__post-date\">20\/06\/2022<\/time><\/li>\n<li><a class=\"wp-block-latest-posts__post-title\" href=\"https:\/\/duman.com.tr\/en\/yeni-urunumuz-01-2018-cygnus-hasta-kaldirma-lifti%ef%bf%bc\/\">Interview: Your Healthcare Partner Globally<\/a><time datetime=\"2022-06-15T23:05:39+00:00\" class=\"wp-block-latest-posts__post-date\">15\/06\/2022<\/time><\/li>\n<\/ul><\/div>\n<\/div>\n<\/div><\/div>\n\n\n\n<div style=\"height:64px\" aria-hidden=\"true\" class=\"wp-block-spacer\"><\/div>","protected":false},"excerpt":{"rendered":"<p>Biz Kimiz? Firmam\u0131z, 1952 y\u0131l\u0131nda \u0130stanbul&#8217;da kuruldu. Kuruldu\u011fu g\u00fcnden bu yana sa\u011fl\u0131k sekt\u00f6r\u00fcnde hem yurti\u00e7inde hem yurtd\u0131\u015f\u0131nda ihtiya\u00e7lara y\u00f6nelik do\u011fru \u00fcr\u00fcnleri tasarl\u0131yor ve \u00fcretiyoruz. 40 ki\u015filik \u00f6zel ve tecr\u00fcbeli ekibimizle projelerimizi ger\u00e7ekle\u015ftiriyoruz. Neler Yap\u0131yoruz? Hastane mobilyalar\u0131ndan, ameliyathanelere, paslanmaz \u00e7elik \u00fcr\u00fcnlerden, evde bak\u0131m \u00fcr\u00fcnlerine kadar olduk\u00e7a geni\u015f bir \u00fcretim yelpazesine sahibiz. \u0130htiya\u00e7lar\u0131n\u0131z\u0131 do\u011fru \u015fekilde kar\u015f\u0131lamak i\u00e7in [&hellip;]<\/p>","protected":false},"author":1,"featured_media":0,"parent":0,"menu_order":0,"comment_status":"closed","ping_status":"closed","template":"","meta":{"footnotes":""},"class_list":["post-32","page","type-page","status-publish","hentry"],"acf":[],"_links":{"self":[{"href":"https:\/\/duman.com.tr\/en\/wp-json\/wp\/v2\/pages\/32","targetHints":{"allow":["GET"]}}],"collection":[{"href":"https:\/\/duman.com.tr\/en\/wp-json\/wp\/v2\/pages"}],"about":[{"href":"https:\/\/duman.com.tr\/en\/wp-json\/wp\/v2\/types\/page"}],"author":[{"embeddable":true,"href":"https:\/\/duman.com.tr\/en\/wp-json\/wp\/v2\/users\/1"}],"replies":[{"embeddable":true,"href":"https:\/\/duman.com.tr\/en\/wp-json\/wp\/v2\/comments?post=32"}],"version-history":[{"count":103,"href":"https:\/\/duman.com.tr\/en\/wp-json\/wp\/v2\/pages\/32\/revisions"}],"predecessor-version":[{"id":1000,"href":"https:\/\/duman.com.tr\/en\/wp-json\/wp\/v2\/pages\/32\/revisions\/1000"}],"wp:attachment":[{"href":"https:\/\/duman.com.tr\/en\/wp-json\/wp\/v2\/media?parent=32"}],"curies":[{"name":"wp","href":"https:\/\/api.w.org\/{rel}","templated":true}]}}